{"id":1051,"date":"2022-08-31T07:08:44","date_gmt":"2022-08-31T05:08:44","guid":{"rendered":"https:\/\/demo.creativethemes.com\/elementor\/charity\/?page_id=3"},"modified":"2023-12-22T06:46:40","modified_gmt":"2023-12-22T05:46:40","slug":"rechtliche-hinweise","status":"publish","type":"page","link":"https:\/\/girlsday237.org\/de\/mentions-legales\/","title":{"rendered":"Impressum"},"content":{"rendered":"<div style=\"height:100px\" aria-hidden=\"true\" class=\"wp-block-spacer\"><\/div>\n\n\n\n<p class=\"has-palette-color-4-color has-text-color has-link-color wp-elements-2a8f0b9f91e0286024686589941fc209\">Girlsday237 e.V.<br>Baumpieperweg 3<br>21149 Hamburg<br>Deutschland<\/p>\n\n\n\n<p class=\"has-palette-color-4-color has-text-color has-link-color wp-elements-30da4ec9880cdbf3994b43aeb425ac17\">Tel.: +491797854380<br>E-Mail:\u00a0<a href=\"mailto:gi*********@***il.com\" data-original-string=\"b5hIMEVh9umPGG4FF2HExQ==6ffBsPc0JEvdBq+MZTuHIVxBLNVYbNUY6XB5ShUjT\/VhhU=\" title=\"Dieser Kontakt wurde von Anti-Spam by CleanTalk verschl\u00fcsselt. Klicken Sie hier, um ihn zu entschl\u00fcsseln. Um die Entschl\u00fcsselung abzuschlie\u00dfen, stellen Sie sicher, dass JavaScript in Ihrem Browser aktiviert ist.\" target=\"_blank\" rel=\"noreferrer noopener\"><span \n                data-original-string='PFN+CjPjcbUuo+XZlYGhnw==6ffDnwXRJAo0\/CApZByQW+YtKFoqWIdw5R+MvPXgoLmyVY='\n                class='apbct-email-encoder'\n                title='Dieser Kontakt wurde von Anti-Spam by CleanTalk verschl\u00fcsselt. Klicken Sie hier, um ihn zu entschl\u00fcsseln. Um die Entschl\u00fcsselung abzuschlie\u00dfen, stellen Sie sicher, dass JavaScript in Ihrem Browser aktiviert ist.'>gi<span class=\"apbct-blur\">*********<\/span>@<span class=\"apbct-blur\">***<\/span>il.com<\/span><\/a><\/p>\n\n\n\n<p class=\"has-palette-color-4-color has-text-color has-link-color wp-elements-b2c26bbb3351b48b07060b7a7b4f1dba\">Registergericht: Aachen<br>Registernummer: VR 6392<\/p>\n\n\n\n<p class=\"has-palette-color-4-color has-text-color has-link-color wp-elements-37201d02656991df0b248602f19b5f05\">Vertretungsberechtigter Vorstand: Huguette Mawa, Rachel Nguenkam, Minette Dongmo<\/p>\n\n\n\n<p class=\"has-palette-color-4-color has-text-color has-link-color wp-elements-31497b4b753e1c1e9bfe13e714c9ec12\">Verantwortliche\/r i.S.d. \u00a7 18 Abs. 2 MStV:<br>Huguette Mawa<\/p>\n\n\n\n<div style=\"height:100px\" aria-hidden=\"true\" class=\"wp-block-spacer\"><\/div>","protected":false},"excerpt":{"rendered":"<p>Girlsday237 e.V.Baumpieperweg 321149 HamburgDeutschland Tel.: +491797854380E-Mail: gi*********@***il.com Registergericht: AachenRegisternummer: VR 6392 Vertretungsberechtigter Vorstand: Huguette Mawa, Rachel Nguenkam, Minette Dongmo Verantwortliche\/r i.S.d.. \u00a7 18 Abs. 2 MStV:Huguette Mawa<\/p>","protected":false},"author":1,"featured_media":374,"parent":0,"menu_order":0,"comment_status":"closed","ping_status":"closed","template":"","meta":{"_gspb_post_css":"","om_disable_all_campaigns":false,"_monsterinsights_skip_tracking":false,"_monsterinsights_sitenote_active":false,"_monsterinsights_sitenote_note":"","_monsterinsights_sitenote_category":0,"footnotes":""},"blocksy_meta":[],"aioseo_notices":[],"_links":{"self":[{"href":"https:\/\/girlsday237.org\/de\/wp-json\/wp\/v2\/pages\/1051"}],"collection":[{"href":"https:\/\/girlsday237.org\/de\/wp-json\/wp\/v2\/pages"}],"about":[{"href":"https:\/\/girlsday237.org\/de\/wp-json\/wp\/v2\/types\/page"}],"author":[{"embeddable":true,"href":"https:\/\/girlsday237.org\/de\/wp-json\/wp\/v2\/users\/1"}],"replies":[{"embeddable":true,"href":"https:\/\/girlsday237.org\/de\/wp-json\/wp\/v2\/comments?post=1051"}],"version-history":[{"count":11,"href":"https:\/\/girlsday237.org\/de\/wp-json\/wp\/v2\/pages\/1051\/revisions"}],"predecessor-version":[{"id":2735,"href":"https:\/\/girlsday237.org\/de\/wp-json\/wp\/v2\/pages\/1051\/revisions\/2735"}],"wp:featuredmedia":[{"embeddable":true,"href":"https:\/\/girlsday237.org\/de\/wp-json\/wp\/v2\/media\/374"}],"wp:attachment":[{"href":"https:\/\/girlsday237.org\/de\/wp-json\/wp\/v2\/media?parent=1051"}],"curies":[{"name":"wp","href":"https:\/\/api.w.org\/{rel}","templated":true}]}}