{"id":1550,"date":"2023-07-07T09:10:05","date_gmt":"2023-07-07T07:10:05","guid":{"rendered":"https:\/\/girlsday237.org\/?page_id=1550"},"modified":"2026-04-16T16:52:30","modified_gmt":"2026-04-16T14:52:30","slug":"dimage-galerie","status":"publish","type":"page","link":"https:\/\/girlsday237.org\/de\/galerie-dimage\/","title":{"rendered":"Bildergalerie"},"content":{"rendered":"<div data-elementor-type=\"wp-page\" data-elementor-id=\"1550\" class=\"elementor elementor-1550\" data-elementor-settings=\"{&quot;ha_cmc_init_switcher&quot;:&quot;no&quot;}\">\n\t\t\t\t<div class=\"elementor-element elementor-element-86782da e-flex e-con-boxed e-con e-parent\" data-id=\"86782da\" data-element_type=\"container\" data-settings=\"{&quot;_ha_eqh_enable&quot;:false}\">\n\t\t\t\t\t<div class=\"e-con-inner\">\n\t\t\t\t<div class=\"elementor-element elementor-element-306df0c content-align-cta-default eael-cta-overlay-yes elementor-widget elementor-widget-eael-cta-box\" data-id=\"306df0c\" data-element_type=\"widget\" data-widget_type=\"eael-cta-box.default\">\n\t\t\t\t<div class=\"elementor-widget-container\">\n\t\t\t\t\t\t\t<div class=\"eael-call-to-action cta-basic bg-img cta-preset-2\">\n        <h2 class=\"title eael-cta-heading\">Bilder der M\u00e4rzausgabe 2026<\/h2><a href=\"https:\/\/girlsday237.org\/?page_id=4971\" class=\"cta-button cta-preset-2 cta-btn-preset-2\"><span class=\"btn-icon\"><i class=\"far fa-eye\"><\/i><\/span>Bilder ansehen<\/a>\t<\/div>\n\t\t\t\t\t\t\t\t<\/div>\n\t\t\t\t<\/div>\n\t\t\t\t<div class=\"elementor-element elementor-element-8befb43 content-align-cta-default eael-cta-overlay-yes elementor-widget elementor-widget-eael-cta-box\" data-id=\"8befb43\" data-element_type=\"widget\" data-widget_type=\"eael-cta-box.default\">\n\t\t\t\t<div class=\"elementor-widget-container\">\n\t\t\t\t\t\t\t<div class=\"eael-call-to-action cta-basic bg-img cta-preset-2\">\n        <h2 class=\"title eael-cta-heading\">Bilder der Ausgabe vom M\u00e4rz 2025<\/h2><a href=\"https:\/\/girlsday237.org\/images-de-ledition-de-mars-2025\/\" class=\"cta-button cta-preset-2 cta-btn-preset-2\"><span class=\"btn-icon\"><i class=\"far fa-eye\"><\/i><\/span>Bilder ansehen<\/a>\t<\/div>\n\t\t\t\t\t\t\t\t<\/div>\n\t\t\t\t<\/div>\n\t\t\t\t<div class=\"elementor-element elementor-element-3de2029 content-align-cta-default eael-cta-overlay-yes elementor-widget elementor-widget-eael-cta-box\" data-id=\"3de2029\" data-element_type=\"widget\" data-widget_type=\"eael-cta-box.default\">\n\t\t\t\t<div class=\"elementor-widget-container\">\n\t\t\t\t\t\t\t<div class=\"eael-call-to-action cta-basic bg-img cta-preset-2\">\n        <h2 class=\"title eael-cta-heading\">Bilder der Ausgabe von 2024<\/h2><a href=\"https:\/\/girlsday237.org\/image-de-ledition-de-2024\/\" class=\"cta-button cta-preset-2 cta-btn-preset-2\"><span class=\"btn-icon\"><i class=\"far fa-eye\"><\/i><\/span>Bilder ansehen<\/a>\t<\/div>\n\t\t\t\t\t\t\t\t<\/div>\n\t\t\t\t<\/div>\n\t\t\t\t<div class=\"elementor-element elementor-element-bb16160 content-align-cta-default eael-cta-overlay-yes elementor-widget elementor-widget-eael-cta-box\" data-id=\"bb16160\" data-element_type=\"widget\" data-widget_type=\"eael-cta-box.default\">\n\t\t\t\t<div class=\"elementor-widget-container\">\n\t\t\t\t\t\t\t<div class=\"eael-call-to-action cta-basic bg-img cta-preset-2\">\n        <h2 class=\"title eael-cta-heading\">MBOA Paris 2024 <\/h2><a href=\"https:\/\/girlsday237.org\/?page_id=3516\" class=\"cta-button cta-preset-2 cta-btn-preset-2\"><span class=\"btn-icon\"><i class=\"far fa-eye\"><\/i><\/span>Bilder ansehen<\/a>\t<\/div>\n\t\t\t\t\t\t\t\t<\/div>\n\t\t\t\t<\/div>\n\t\t\t\t\t<\/div>\n\t\t\t\t<\/div>\n\t\t<div class=\"elementor-element elementor-element-16f51a5 e-flex e-con-boxed e-con e-parent\" data-id=\"16f51a5\" data-element_type=\"container\" data-settings=\"{&quot;_ha_eqh_enable&quot;:false}\">\n\t\t\t\t\t<div class=\"e-con-inner\">\n\t\t\t\t<div class=\"elementor-element elementor-element-2f0f154 content-align-cta-default eael-cta-overlay-yes elementor-widget elementor-widget-eael-cta-box\" data-id=\"2f0f154\" data-element_type=\"widget\" data-widget_type=\"eael-cta-box.default\">\n\t\t\t\t<div class=\"elementor-widget-container\">\n\t\t\t\t\t\t\t<div class=\"eael-call-to-action cta-basic bg-img cta-preset-2\">\n        <h2 class=\"title eael-cta-heading\">Bilder der Ausgabe von 2022<\/h2><a href=\"https:\/\/girlsday237.org\/image-de-ledition-de-2021\/\" class=\"cta-button cta-preset-2 cta-btn-preset-2\"><span class=\"btn-icon\"><i class=\"far fa-eye\"><\/i><\/span>Bilder ansehen<\/a>\t<\/div>\n\t\t\t\t\t\t\t\t<\/div>\n\t\t\t\t<\/div>\n\t\t\t\t\t<\/div>\n\t\t\t\t<\/div>\n\t\t<div class=\"elementor-element elementor-element-c2fc314 e-flex e-con-boxed e-con e-parent\" data-id=\"c2fc314\" data-element_type=\"container\" data-settings=\"{&quot;background_background&quot;:&quot;classic&quot;,&quot;_ha_eqh_enable&quot;:false}\">\n\t\t\t\t\t<div class=\"e-con-inner\">\n\t\t<div class=\"elementor-element elementor-element-10ada6b e-con-full e-flex e-con e-child\" data-id=\"10ada6b\" data-element_type=\"container\" data-settings=\"{&quot;_ha_eqh_enable&quot;:false}\">\n\t\t\t\t<div class=\"elementor-element elementor-element-b8c33cd elementor-widget elementor-widget-text-editor\" data-id=\"b8c33cd\" data-element_type=\"widget\" data-widget_type=\"text-editor.default\">\n\t\t\t\t<div class=\"elementor-widget-container\">\n\t\t\t\t\t\t\t\t\t<p>Mitglied werden\u00a0<\/p>\t\t\t\t\t\t\t\t<\/div>\n\t\t\t\t<\/div>\n\t\t\t\t<div class=\"elementor-element elementor-element-133c737 elementor-widget-divider--view-line elementor-widget elementor-widget-divider\" data-id=\"133c737\" data-element_type=\"widget\" data-widget_type=\"divider.default\">\n\t\t\t\t<div class=\"elementor-widget-container\">\n\t\t\t\t\t\t\t<div class=\"elementor-divider\">\n\t\t\t<span class=\"elementor-divider-separator\">\n\t\t\t\t\t\t<\/span>\n\t\t<\/div>\n\t\t\t\t\t\t<\/div>\n\t\t\t\t<\/div>\n\t\t\t\t<div class=\"elementor-element elementor-element-2b9afd0 elementor-widget elementor-widget-heading\" data-id=\"2b9afd0\" data-element_type=\"widget\" data-widget_type=\"heading.default\">\n\t\t\t\t<div class=\"elementor-widget-container\">\n\t\t\t\t\t<h2 class=\"elementor-heading-title elementor-size-default\">Schlie\u00dfen Sie sich uns an f\u00fcr ein besseres Leben und eine sch\u00f6ne Zukunft<\/h2>\t\t\t\t<\/div>\n\t\t\t\t<\/div>\n\t\t\t\t<div class=\"elementor-element elementor-element-2fae9c2 elementor-widget elementor-widget-text-editor\" data-id=\"2fae9c2\" data-element_type=\"widget\" data-widget_type=\"text-editor.default\">\n\t\t\t\t<div class=\"elementor-widget-container\">\n\t\t\t\t\t\t\t\t\t<p><span style=\"font-weight: 400;\">Lassen Sie uns unsere Anstrengungen b\u00fcndeln, um gemeinsam bemerkenswerte Dinge zu erreichen. Gemeinsam streben wir eine vielversprechende Zukunft an. Lassen Sie uns die Macht der Zusammenarbeit nutzen, an unsere individuellen F\u00e4higkeiten glauben und einander unterst\u00fctzen, w\u00e4hrend wir gemeinsam unsere Ziele erreichen. Lassen Sie uns unsere Erfolge auf dieser Reise feiern und gemeinsam die Herausforderungen meistern. Treten Sie noch heute bei, um eine bessere Zukunft zu gestalten, lassen Sie uns diesen Traum zur Realit\u00e4t werden.<\/span><\/p>\t\t\t\t\t\t\t\t<\/div>\n\t\t\t\t<\/div>\n\t\t\t\t<div class=\"elementor-element elementor-element-1584d62 elementor-widget elementor-widget-ucaddon_color_overlay_button\" data-id=\"1584d62\" data-element_type=\"widget\" data-widget_type=\"ucaddon_color_overlay_button.default\">\n\t\t\t\t<div class=\"elementor-widget-container\">\n\t\t\t\t\t\n<!-- start Overlay Button -->\n<style>\/* widget: Overlay Button *\/\n\n#uc_color_overlay_button_elementor_1584d62 a.color-overlay-link\n{\n  display:inline-block;\n  position:relative;\n  text-decoration:none;\n  transition:0.5s;\n  overflow:hidden;\n}\n\n#uc_color_overlay_button_elementor_1584d62 a span.ue-color-overlay\n{\n  display:block;\n  position:absolute;\n  top:0px;\n  right:0px;\n  transition:0.5s;\n}\n\n#uc_color_overlay_button_elementor_1584d62 a .ue-btn-txt\n{\n  position:relative;\n  transition:0.5s;\n}\n\n<\/style>\n\n<div id=\"uc_color_overlay_button_elementor_1584d62\" class=\"color-overlay-button\">\n  <a href=\"https:\/\/girlsday237.org\/inscription-des-membres\/\" class=\"color-overlay-link\" >\n    <span class=\"ue-color-overlay\"><\/span>\n    <span class=\"ue-btn-txt\">Jetzt bewerben<\/span>\n  <\/a>\n<\/div>\n<!-- end Overlay Button -->\t\t\t\t<\/div>\n\t\t\t\t<\/div>\n\t\t\t\t<\/div>\n\t\t\t\t\t<\/div>\n\t\t\t\t<\/div>\n\t\t\t\t<\/div>","protected":false},"excerpt":{"rendered":"<p>Images de l&rsquo;\u00e9dition de mars 2026 Voir les photos Images de l&rsquo;\u00e9dition de mars 2025 Voir les photos Images de l&rsquo;\u00e9dition de 2024 Voir les photos MBOA Paris 2024 Voir les photos Images de l&rsquo;\u00e9dition de 2022 Voir les photos Devenir membre\u00a0 Rejoignez-nous pour une vie meilleure et un bel avenir Unissons nos efforts pour [&hellip;]<\/p>\n","protected":false},"author":1,"featured_media":2526,"parent":0,"menu_order":0,"comment_status":"closed","ping_status":"closed","template":"","meta":{"_gspb_post_css":"","om_disable_all_campaigns":false,"_monsterinsights_skip_tracking":false,"_monsterinsights_sitenote_active":false,"_monsterinsights_sitenote_note":"","_monsterinsights_sitenote_category":0,"footnotes":""},"blocksy_meta":{"styles_descriptor":{"styles":{"desktop":"","tablet":"","mobile":""},"google_fonts":[],"version":6}},"aioseo_notices":[],"_links":{"self":[{"href":"https:\/\/girlsday237.org\/de\/wp-json\/wp\/v2\/pages\/1550"}],"collection":[{"href":"https:\/\/girlsday237.org\/de\/wp-json\/wp\/v2\/pages"}],"about":[{"href":"https:\/\/girlsday237.org\/de\/wp-json\/wp\/v2\/types\/page"}],"author":[{"embeddable":true,"href":"https:\/\/girlsday237.org\/de\/wp-json\/wp\/v2\/users\/1"}],"replies":[{"embeddable":true,"href":"https:\/\/girlsday237.org\/de\/wp-json\/wp\/v2\/comments?post=1550"}],"version-history":[{"count":103,"href":"https:\/\/girlsday237.org\/de\/wp-json\/wp\/v2\/pages\/1550\/revisions"}],"predecessor-version":[{"id":4974,"href":"https:\/\/girlsday237.org\/de\/wp-json\/wp\/v2\/pages\/1550\/revisions\/4974"}],"wp:featuredmedia":[{"embeddable":true,"href":"https:\/\/girlsday237.org\/de\/wp-json\/wp\/v2\/media\/2526"}],"wp:attachment":[{"href":"https:\/\/girlsday237.org\/de\/wp-json\/wp\/v2\/media?parent=1550"}],"curies":[{"name":"wp","href":"https:\/\/api.w.org\/{rel}","templated":true}]}}