{"id":2,"date":"2023-07-04T11:36:16","date_gmt":"2023-07-04T09:36:16","guid":{"rendered":"https:\/\/girlsday237.org\/?page_id=2"},"modified":"2023-07-04T11:36:16","modified_gmt":"2023-07-04T09:36:16","slug":"beispielseite","status":"publish","type":"page","link":"https:\/\/girlsday237.org\/de\/page-d-exemple\/","title":{"rendered":"Beispielseite"},"content":{"rendered":"<p>Dies ist eine Beispielseite. Sie unterscheidet sich von einem Blogartikel, weil sie am selben Ort bleibt und in der Navigation Ihrer Website erscheint (in den meisten Designs). Die meisten Leute beginnen mit einer \"\u00dcber\"-Seite, auf der sie den Besuchern der Website vorgestellt werden. Dies k\u00f6nnte in etwa so aussehen:<\/p>\n\n\n\n<blockquote class=\"wp-block-quote\"><p>Hallo!!! Ich bin ein Mechaniker, der anstrebt, Schauspieler zu werden, und hier ist meine Website. Ich lebe in Bordeaux, habe einen tollen Hund namens Russell und liebe Wodka (sowie bei langen Spazierg\u00e4ngen am Strand bei Sonnenuntergang von pl\u00f6tzlichem Regen \u00fcberrascht zu werden).<\/p><\/blockquote>\n\n\n\n<p>... oder so \u00e4hnlich:<\/p>\n\n\n\n<blockquote class=\"wp-block-quote\"><p>Das Unternehmen 123 Machin Truc wurde 1971 gegr\u00fcndet und bietet der \u00d6ffentlichkeit seitdem kontinuierlich qualitativ hochwertige Dingsda an. Das in Saint-Remy-en-Bouzemont-Saint-Genest-et-Isson ans\u00e4ssige Unternehmen 123 Machin Truc besch\u00e4ftigt 2.000 Mitarbeiter und stellt alle Arten von Superdingern f\u00fcr die Gemeinde von Bouzemonto her.<\/p><\/blockquote>\n\n\n\n<p>Als neuer Benutzer oder neue Benutzerin von WordPress sollten Sie auf <a href=\"https:\/\/girlsday237.org\/wp-admin\/\">Ihr Anzeiger<\/a> um diese Seite zu l\u00f6schen und neue Seiten f\u00fcr Ihre Inhalte zu erstellen. Viel Spa\u00df!<\/p>","protected":false},"excerpt":{"rendered":"<p>Ceci est une page d\u2019exemple. C\u2019est diff\u00e9rent d\u2019un article de blog parce qu\u2019elle restera au m\u00eame endroit et appara\u00eetra dans la navigation de votre site (dans la plupart des th\u00e8mes). La plupart des gens commencent par une page \u00ab\u00a0\u00c0 propos\u00a0\u00bb qui les pr\u00e9sente aux personnes visitant le site. Cela pourrait ressembler \u00e0 quelque chose comme [&hellip;]<\/p>\n","protected":false},"author":1,"featured_media":0,"parent":0,"menu_order":0,"comment_status":"closed","ping_status":"open","template":"","meta":{"_gspb_post_css":"","om_disable_all_campaigns":false,"_monsterinsights_skip_tracking":false,"_monsterinsights_sitenote_active":false,"_monsterinsights_sitenote_note":"","_monsterinsights_sitenote_category":0,"footnotes":""},"blocksy_meta":[],"aioseo_notices":[],"_links":{"self":[{"href":"https:\/\/girlsday237.org\/de\/wp-json\/wp\/v2\/pages\/2"}],"collection":[{"href":"https:\/\/girlsday237.org\/de\/wp-json\/wp\/v2\/pages"}],"about":[{"href":"https:\/\/girlsday237.org\/de\/wp-json\/wp\/v2\/types\/page"}],"author":[{"embeddable":true,"href":"https:\/\/girlsday237.org\/de\/wp-json\/wp\/v2\/users\/1"}],"replies":[{"embeddable":true,"href":"https:\/\/girlsday237.org\/de\/wp-json\/wp\/v2\/comments?post=2"}],"version-history":[{"count":0,"href":"https:\/\/girlsday237.org\/de\/wp-json\/wp\/v2\/pages\/2\/revisions"}],"wp:attachment":[{"href":"https:\/\/girlsday237.org\/de\/wp-json\/wp\/v2\/media?parent=2"}],"curies":[{"name":"wp","href":"https:\/\/api.w.org\/{rel}","templated":true}]}}