{"id":4257,"date":"2025-10-14T17:01:00","date_gmt":"2025-10-14T15:01:00","guid":{"rendered":"https:\/\/girlsday237.org\/?page_id=4257"},"modified":"2025-10-14T18:22:00","modified_gmt":"2025-10-14T16:22:00","slug":"erklarung-der-spendenmethode","status":"publish","type":"page","link":"https:\/\/girlsday237.org\/de\/explication-methode-de-don\/","title":{"rendered":"Erkl\u00e4rung der Spendenmethode"},"content":{"rendered":"<div data-elementor-type=\"wp-page\" data-elementor-id=\"4257\" class=\"elementor elementor-4257\" data-elementor-settings=\"{&quot;ha_cmc_init_switcher&quot;:&quot;no&quot;}\">\n\t\t\t\t<div class=\"elementor-element elementor-element-e356356 e-flex e-con-boxed e-con e-parent\" data-id=\"e356356\" data-element_type=\"container\" data-settings=\"{&quot;_ha_eqh_enable&quot;:false}\">\n\t\t\t\t\t<div class=\"e-con-inner\">\n\t\t\t\t<div class=\"elementor-element elementor-element-fcd5cbf elementor-widget elementor-widget-heading\" data-id=\"fcd5cbf\" data-element_type=\"widget\" data-widget_type=\"heading.default\">\n\t\t\t\t<div class=\"elementor-widget-container\">\n\t\t\t\t\t<h2 class=\"elementor-heading-title elementor-size-default\">Spenden an Girlsday237<\/h2>\t\t\t\t<\/div>\n\t\t\t\t<\/div>\n\t\t\t\t<div class=\"elementor-element elementor-element-7d8a322 elementor-widget elementor-widget-text-editor\" data-id=\"7d8a322\" data-element_type=\"widget\" data-widget_type=\"text-editor.default\">\n\t\t\t\t<div class=\"elementor-widget-container\">\n\t\t\t\t\t\t\t\t\t<p style=\"color: rgb(0, 0, 0); font-style: normal; font-variant-ligatures: normal; font-variant-caps: normal; font-weight: 400; font-size: 11pt; font-family: Arial; line-height: 1.15;\"><span style=\"vertical-align: baseline; font-size: 11pt;\">Jede Spende \u00f6ffnet eine T\u00fcr.<\/span><\/p><p style=\"color: rgb(0, 0, 0); font-style: normal; font-variant-ligatures: normal; font-variant-caps: normal; font-weight: 400; font-size: 11pt; font-family: Arial; line-height: 1.15;\">Mit Ihrer Unterst\u00fctzung organisiert Girlsday237&nbsp;<span style=\"font-weight: 700;\">jedes Jahr<\/span><span style=\"vertical-align: baseline; font-size: 11pt;\">&nbsp;ein wissenschaftlicher Wettbewerb, der Hunderten von M\u00e4dchen das Selbstvertrauen, die Werkzeuge und die B\u00fchne gibt, um in MINT zu gl\u00e4nzen.<\/span><\/p><p style=\"color: rgb(0, 0, 0); font-style: normal; font-variant-ligatures: normal; font-variant-caps: normal; font-weight: 400; font-size: 11pt; font-family: Arial; line-height: 1.15;\">Ihre Geste finanziert etwas Konkretes:<span style=\"font-weight: 700;\">&nbsp;Logistik, Material, Jury, Auszeichnungen<\/span>... und vor allem&nbsp;<span style=\"font-weight: 700;\">echte Chancen<\/span><span style=\"vertical-align: baseline; font-size: 11pt;\">&nbsp;f\u00fcr unsere Teilnehmerinnen.<\/span><\/p>\t\t\t\t\t\t\t\t<\/div>\n\t\t\t\t<\/div>\n\t\t\t\t<div class=\"elementor-element elementor-element-19c518a elementor-widget elementor-widget-ucaddon_color_overlay_button\" data-id=\"19c518a\" data-element_type=\"widget\" data-widget_type=\"ucaddon_color_overlay_button.default\">\n\t\t\t\t<div class=\"elementor-widget-container\">\n\t\t\t\t\t\n<!-- start Overlay Button -->\n<style>\/* widget: Overlay Button *\/\n\n#uc_color_overlay_button_elementor_19c518a a.color-overlay-link\n{\n  display:inline-block;\n  position:relative;\n  text-decoration:none;\n  transition:0.5s;\n  overflow:hidden;\n}\n\n#uc_color_overlay_button_elementor_19c518a a span.ue-color-overlay\n{\n  display:block;\n  position:absolute;\n  top:0px;\n  right:0px;\n  transition:0.5s;\n}\n\n#uc_color_overlay_button_elementor_19c518a a .ue-btn-txt\n{\n  position:relative;\n  transition:0.5s;\n}\n\n<\/style>\n\n<div id=\"uc_color_overlay_button_elementor_19c518a\" class=\"color-overlay-button\">\n  <a href=\"https:\/\/girlsday237.org\/faire-un-don\/\" class=\"color-overlay-link\" >\n    <span class=\"ue-color-overlay\"><\/span>\n    <span class=\"ue-btn-txt\">Online spenden (sichere Plattform)<\/span>\n  <\/a>\n<\/div>\n<!-- end Overlay Button -->\t\t\t\t<\/div>\n\t\t\t\t<\/div>\n\t\t\t\t<div class=\"elementor-element elementor-element-979a6a2 elementor-widget elementor-widget-heading\" data-id=\"979a6a2\" data-element_type=\"widget\" data-widget_type=\"heading.default\">\n\t\t\t\t<div class=\"elementor-widget-container\">\n\t\t\t\t\t<h3 class=\"elementor-heading-title elementor-size-default\">Warum spenden?<\/h3>\t\t\t\t<\/div>\n\t\t\t\t<\/div>\n\t\t\t\t<div class=\"elementor-element elementor-element-b105dc5 elementor-widget elementor-widget-text-editor\" data-id=\"b105dc5\" data-element_type=\"widget\" data-widget_type=\"text-editor.default\">\n\t\t\t\t<div class=\"elementor-widget-container\">\n\t\t\t\t\t\t\t\t\t<ul><li><span style=\"vertical-align: baseline; font-size: 11pt;\">STEM-Talente und Berufungen aufdecken.<\/span><\/li>\n<li><span style=\"vertical-align: baseline; font-size: 11pt;\">Ermutigung zu einfallsreichen Projekten mit einfachen Materialien.<\/span><\/li>\n<li><span style=\"vertical-align: baseline; font-size: 11pt;\">Mobilisierung von Schulen, Lehrern und Familien f\u00fcr die Chancengleichheit.<\/span><\/li>\n<\/ul>\n<p style=\"color: rgb(0, 0, 0); font-style: normal; font-variant-ligatures: normal; font-variant-caps: normal; font-weight: 400; font-size: 11pt; font-family: Arial; line-height: 1.15;\"><span style=\"vertical-align: baseline; font-size: 11pt;\">Ohne Sie bleiben sie stehen. Mit Ihnen nehmen sie ihren Platz ein.<\/span><\/p>\t\t\t\t\t\t\t\t<\/div>\n\t\t\t\t<\/div>\n\t\t\t\t<div class=\"elementor-element elementor-element-2db0e05 elementor-widget elementor-widget-heading\" data-id=\"2db0e05\" data-element_type=\"widget\" data-widget_type=\"heading.default\">\n\t\t\t\t<div class=\"elementor-widget-container\">\n\t\t\t\t\t<h3 class=\"elementor-heading-title elementor-size-default\">Was Ihre Spende erm\u00f6glicht<\/h3>\t\t\t\t<\/div>\n\t\t\t\t<\/div>\n\t\t\t\t<div class=\"elementor-element elementor-element-3897cea elementor-widget elementor-widget-text-editor\" data-id=\"3897cea\" data-element_type=\"widget\" data-widget_type=\"text-editor.default\">\n\t\t\t\t<div class=\"elementor-widget-container\">\n\t\t\t\t\t\t\t\t\t<ul>\n<li><p style=\"font-style: normal; font-variant-ligatures: normal; font-variant-caps: normal; font-weight: 400; font-size: 11pt; font-family: Arial; line-height: 1.15;\"><span style=\"vertical-align: baseline; font-size: 11pt;\">Die Organisation des Wettbewerbs jedes Jahr finanzieren.<\/span><\/p><\/li><li><p style=\"font-style: normal; font-variant-ligatures: normal; font-variant-caps: normal; font-weight: 400; font-size: 11pt; font-family: Arial; line-height: 1.15;\"><span style=\"font-size: 11pt;\">Den Teilnehmerinnen einen anspruchsvollen, motivierenden und wohlwollenden Rahmen bieten.<\/span><\/p><\/li><li><p style=\"font-style: normal; font-variant-ligatures: normal; font-variant-caps: normal; font-weight: 400; font-size: 11pt; line-height: 1.15; font-family: Arial; margin-block-end: 22px;\"><span style=\"font-size: 11pt;\">P\u00e4dagogische Ma\u00dfnahmen in Schulen entfalten.<\/span><\/p><\/li><\/ul>\t\t\t\t\t\t\t\t<\/div>\n\t\t\t\t<\/div>\n\t\t\t\t<div class=\"elementor-element elementor-element-607843e elementor-widget elementor-widget-ucaddon_color_overlay_button\" data-id=\"607843e\" data-element_type=\"widget\" data-widget_type=\"ucaddon_color_overlay_button.default\">\n\t\t\t\t<div class=\"elementor-widget-container\">\n\t\t\t\t\t\n<!-- start Overlay Button -->\n<style>\/* widget: Overlay Button *\/\n\n#uc_color_overlay_button_elementor_607843e a.color-overlay-link\n{\n  display:inline-block;\n  position:relative;\n  text-decoration:none;\n  transition:0.5s;\n  overflow:hidden;\n}\n\n#uc_color_overlay_button_elementor_607843e a span.ue-color-overlay\n{\n  display:block;\n  position:absolute;\n  top:0px;\n  right:0px;\n  transition:0.5s;\n}\n\n#uc_color_overlay_button_elementor_607843e a .ue-btn-txt\n{\n  position:relative;\n  transition:0.5s;\n}\n\n<\/style>\n\n<div id=\"uc_color_overlay_button_elementor_607843e\" class=\"color-overlay-button\">\n  <a href=\"https:\/\/girlsday237.org\/faire-un-don\/\" class=\"color-overlay-link\" >\n    <span class=\"ue-color-overlay\"><\/span>\n    <span class=\"ue-btn-txt\">Eine \u00dcberweisung t\u00e4tigen<\/span>\n  <\/a>\n<\/div>\n<!-- end Overlay Button -->\t\t\t\t<\/div>\n\t\t\t\t<\/div>\n\t\t\t\t<div class=\"elementor-element elementor-element-1862812 elementor-widget elementor-widget-heading\" data-id=\"1862812\" data-element_type=\"widget\" data-widget_type=\"heading.default\">\n\t\t\t\t<div class=\"elementor-widget-container\">\n\t\t\t\t\t<h3 class=\"elementor-heading-title elementor-size-default\">Wie spenden?<\/h3>\t\t\t\t<\/div>\n\t\t\t\t<\/div>\n\t\t\t\t<div class=\"elementor-element elementor-element-322a392 elementor-widget elementor-widget-heading\" data-id=\"322a392\" data-element_type=\"widget\" data-widget_type=\"heading.default\">\n\t\t\t\t<div class=\"elementor-widget-container\">\n\t\t\t\t\t<h5 class=\"elementor-heading-title elementor-size-default\">1) Unsere Zahlungsplattform (empfohlen)\n\n<\/h5>\t\t\t\t<\/div>\n\t\t\t\t<\/div>\n\t\t\t\t<div class=\"elementor-element elementor-element-7bae25d elementor-widget elementor-widget-text-editor\" data-id=\"7bae25d\" data-element_type=\"widget\" data-widget_type=\"text-editor.default\">\n\t\t\t\t<div class=\"elementor-widget-container\">\n\t\t\t\t\t\t\t\t\t<p style=\"font-style: normal; font-variant-ligatures: normal; font-variant-caps: normal; font-weight: 400; font-size: 11pt; font-family: Arial; line-height: 1.15;\"><span style=\"font-size: 11pt;\">SEPA, Kreditkarte, Google Pay, manuelle \u00dcberweisung.<\/span><\/p>\n<p style=\"font-style: normal; font-variant-ligatures: normal; font-variant-caps: normal; font-weight: 400; font-size: 11pt; font-family: Arial; line-height: 1.15;\"><span style=\"vertical-align: baseline; font-size: 11pt;\">Sie k\u00f6nnen auf das gesicherte Formular : <a href=\"https:\/\/girlsday237.org\/faire-un-don\/\">Spenden<\/a><\/span><\/p>\n<p style=\"font-style: normal; font-variant-ligatures: normal; font-variant-caps: normal; font-weight: 400; font-size: 11pt; font-family: Arial; line-height: 1.15;\"><br><\/p>\n<p style=\"font-style: normal; font-variant-ligatures: normal; font-variant-caps: normal; font-weight: 400; font-size: 11pt; font-family: Arial; line-height: 1.15;\">Oder es manuell tun :&nbsp;<\/p>\n<p style=\"font-style: normal; font-variant-ligatures: normal; font-variant-caps: normal; font-weight: 400; font-size: 11pt; font-family: Arial; line-height: 1.15;\">Name der Bank: GLS Bank<\/p>\n<p style=\"font-style: normal; font-variant-ligatures: normal; font-variant-caps: normal; font-weight: 400; font-size: 11pt; font-family: Arial; line-height: 1.15;\">IBAN: DE81430609671327543300<br><\/p>\n<p style=\"font-style: normal; font-variant-ligatures: normal; font-variant-caps: normal; font-weight: 400; font-size: 11pt; font-family: Arial; line-height: 1.15;\">BIC: GENODEM1GLS<br><\/p>\n<p style=\"font-style: normal; font-variant-ligatures: normal; font-variant-caps: normal; font-weight: 400; font-size: 11pt; font-family: Arial; line-height: 1.15;\">Name des Kontos : Girlsday237 e.V.<\/p><p style=\"font-style: normal; font-variant-ligatures: normal; font-variant-caps: normal; font-weight: 400; font-size: 11pt; font-family: Arial; line-height: 1.15;\"><br><\/p>\n<p style=\"font-style: normal; font-variant-ligatures: normal; font-variant-caps: normal; font-weight: 400; font-size: 11pt; font-family: Arial; line-height: 1.15;\"><span style=\"vertical-align: baseline; font-size: 11pt;\"><\/span><\/p>\n<p style=\"font-style: normal; font-variant-ligatures: normal; font-variant-caps: normal; font-weight: 400; font-size: 11pt; font-family: Arial; line-height: 1.15;\"><span style=\"vertical-align: baseline; font-size: 11pt;\">Schicken Sie uns eine E-Mail, um Ihre Quittung zu erhalten.<\/span><\/p>\t\t\t\t\t\t\t\t<\/div>\n\t\t\t\t<\/div>\n\t\t\t\t<div class=\"elementor-element elementor-element-8a1657b elementor-widget elementor-widget-heading\" data-id=\"8a1657b\" data-element_type=\"widget\" data-widget_type=\"heading.default\">\n\t\t\t\t<div class=\"elementor-widget-container\">\n\t\t\t\t\t<h5 class=\"elementor-heading-title elementor-size-default\">2) PayPal\n\n<\/h5>\t\t\t\t<\/div>\n\t\t\t\t<\/div>\n\t\t\t\t<div class=\"elementor-element elementor-element-39e4ec2 elementor-widget elementor-widget-text-editor\" data-id=\"39e4ec2\" data-element_type=\"widget\" data-widget_type=\"text-editor.default\">\n\t\t\t\t<div class=\"elementor-widget-container\">\n\t\t\t\t\t\t\t\t\t<p style=\"font-style: normal; font-variant-ligatures: normal; font-variant-caps: normal; font-weight: 400; font-size: 11pt; font-family: Arial; line-height: 1.15;\"><span style=\"font-size: 14.6667px; background-color: rgb(255, 255, 255);\"><a href=\"https:\/\/paypal.me\/girlsday237\">Mit PayPal spenden<\/a><\/span><\/p>\t\t\t\t\t\t\t\t<\/div>\n\t\t\t\t<\/div>\n\t\t\t\t<div class=\"elementor-element elementor-element-9c4d448 elementor-widget elementor-widget-heading\" data-id=\"9c4d448\" data-element_type=\"widget\" data-widget_type=\"heading.default\">\n\t\t\t\t<div class=\"elementor-widget-container\">\n\t\t\t\t\t<h5 class=\"elementor-heading-title elementor-size-default\">3) Aus Afrika (Orange Money)\n\n<\/h5>\t\t\t\t<\/div>\n\t\t\t\t<\/div>\n\t\t\t\t<div class=\"elementor-element elementor-element-9ac6dfe elementor-widget elementor-widget-text-editor\" data-id=\"9ac6dfe\" data-element_type=\"widget\" data-widget_type=\"text-editor.default\">\n\t\t\t\t<div class=\"elementor-widget-container\">\n\t\t\t\t\t\t\t\t\t<p style=\"font-style: normal; font-variant-ligatures: normal; font-variant-caps: normal; font-weight: 400; font-size: 11pt; font-family: Arial; line-height: 1.15;\"><span style=\"vertical-align: baseline; font-size: 11pt;\">Sie k\u00f6nnen \u00fcber Orange Money spenden :<\/span><\/p><p style=\"font-style: normal; font-variant-ligatures: normal; font-variant-caps: normal; font-size: 11pt; font-family: Arial; line-height: 1.15; height: 11pt;\"><span style=\"font-size: 11pt;\">Nummer: +237 686 04 84 48<\/span><\/p><p style=\"font-style: normal; font-variant-ligatures: normal; font-variant-caps: normal; font-weight: 400; font-size: 11pt; font-family: Arial; line-height: 1.15; height: 11pt;\"><span style=\"font-size: 11pt;\">Name des Kontos: Huguette Mawa<\/span><\/p><p style=\"font-style: normal; font-variant-ligatures: normal; font-variant-caps: normal; font-weight: 400; font-size: 11pt; font-family: Arial; line-height: 1.15;\"><span style=\"vertical-align: baseline; font-size: 11pt;\">Bitte senden Sie den Zahlungsnachweis per Whatsapp, damit wir Ihnen eine Quittung schicken k\u00f6nnen.<\/span><\/p>\t\t\t\t\t\t\t\t<\/div>\n\t\t\t\t<\/div>\n\t\t\t\t<div class=\"elementor-element elementor-element-c473430 elementor-widget elementor-widget-heading\" data-id=\"c473430\" data-element_type=\"widget\" data-widget_type=\"heading.default\">\n\t\t\t\t<div class=\"elementor-widget-container\">\n\t\t\t\t\t<h3 class=\"elementor-heading-title elementor-size-default\">Steuerverg\u00fcnstigungen (Deutschland)<\/h3>\t\t\t\t<\/div>\n\t\t\t\t<\/div>\n\t\t\t\t<div class=\"elementor-element elementor-element-49c197a elementor-widget elementor-widget-text-editor\" data-id=\"49c197a\" data-element_type=\"widget\" data-widget_type=\"text-editor.default\">\n\t\t\t\t<div class=\"elementor-widget-container\">\n\t\t\t\t\t\t\t\t\t<p style=\"font-style: normal; font-variant-ligatures: normal; font-variant-caps: normal; font-weight: 400; font-size: 11pt; font-family: Arial; line-height: 1.15;\"><span style=\"vertical-align: baseline; font-size: 11pt;\">Girlsday237 ist in Deutschland registriert (Girlsday237 e.V., Aachen).<\/span><\/p><p style=\"font-style: normal; font-variant-ligatures: normal; font-variant-caps: normal; font-weight: 400; font-size: 11pt; font-family: Arial; line-height: 1.15;\"><span style=\"vertical-align: baseline; font-size: 11pt;\">Ihre Spenden sind in Deutschland im Rahmen der gesetzlich festgelegten Grenzen (je nach Ihrer Situation) von der Steuer absetzbar.<\/span><\/p><p style=\"font-style: normal; font-variant-ligatures: normal; font-variant-caps: normal; font-weight: 400; font-size: 11pt; font-family: Arial; line-height: 1.15;\"><span style=\"vertical-align: baseline; font-size: 11pt;\">Wir stellen auf Anfrage oder automatisch \u00fcber die Plattform eine Spendenbescheinigung (Spendenbescheinigung) aus.<\/span><\/p>\t\t\t\t\t\t\t\t<\/div>\n\t\t\t\t<\/div>\n\t\t\t\t<div class=\"elementor-element elementor-element-6762218 elementor-widget elementor-widget-ucaddon_color_overlay_button\" data-id=\"6762218\" data-element_type=\"widget\" data-widget_type=\"ucaddon_color_overlay_button.default\">\n\t\t\t\t<div class=\"elementor-widget-container\">\n\t\t\t\t\t\n<!-- start Overlay Button -->\n<style>\/* widget: Overlay Button *\/\n\n#uc_color_overlay_button_elementor_6762218 a.color-overlay-link\n{\n  display:inline-block;\n  position:relative;\n  text-decoration:none;\n  transition:0.5s;\n  overflow:hidden;\n}\n\n#uc_color_overlay_button_elementor_6762218 a span.ue-color-overlay\n{\n  display:block;\n  position:absolute;\n  top:0px;\n  right:0px;\n  transition:0.5s;\n}\n\n#uc_color_overlay_button_elementor_6762218 a .ue-btn-txt\n{\n  position:relative;\n  transition:0.5s;\n}\n\n<\/style>\n\n<div id=\"uc_color_overlay_button_elementor_6762218\" class=\"color-overlay-button\">\n  <a href=\"https:\/\/girlsday237.org\/faire-un-don\/\" class=\"color-overlay-link\" >\n    <span class=\"ue-color-overlay\"><\/span>\n    <span class=\"ue-btn-txt\">Eine \u00dcberweisung t\u00e4tigen<\/span>\n  <\/a>\n<\/div>\n<!-- end Overlay Button -->\t\t\t\t<\/div>\n\t\t\t\t<\/div>\n\t\t\t\t<div class=\"elementor-element elementor-element-17ef879 elementor-widget elementor-widget-heading\" data-id=\"17ef879\" data-element_type=\"widget\" data-widget_type=\"heading.default\">\n\t\t\t\t<div class=\"elementor-widget-container\">\n\t\t\t\t\t<h3 class=\"elementor-heading-title elementor-size-default\">Transparenz<\/h3>\t\t\t\t<\/div>\n\t\t\t\t<\/div>\n\t\t\t\t<div class=\"elementor-element elementor-element-c8e2537 elementor-widget elementor-widget-text-editor\" data-id=\"c8e2537\" data-element_type=\"widget\" data-widget_type=\"text-editor.default\">\n\t\t\t\t<div class=\"elementor-widget-container\">\n\t\t\t\t\t\t\t\t\t<p style=\"font-style: normal; font-variant-ligatures: normal; font-variant-caps: normal; font-weight: 400; font-size: 11pt; font-family: Arial; line-height: 1.15;\">\n<\/p><ul>\n<li><span style=\"vertical-align: baseline; font-size: 11pt;\">100 % der Spenden werden f\u00fcr unsere Projekte und die Organisation des Wettbewerbs verwendet.<\/span><\/li>\n<li><span style=\"vertical-align: baseline; font-size: 11pt;\">Ein T\u00e4tigkeitsbericht wird jedes Jahr ver\u00f6ffentlicht.<\/span><\/li>\n<li>Sie k\u00f6nnen uns schreiben an&nbsp;<span style=\"text-decoration-skip-ink: none; color: rgb(17, 85, 204); text-decoration-line: underline;\"><a href=\"mailto:in**@*********37.org\" data-original-string=\"FA+rYEELAWazIDQIqMEuPg==6ffP07HT86PfkuqIr3oNDsH2TK2lNztqdjfszcAr9qL4BE=\" title=\"Dieser Kontakt wurde von Anti-Spam by CleanTalk verschl\u00fcsselt. Klicken Sie hier, um ihn zu entschl\u00fcsseln. Um die Entschl\u00fcsselung abzuschlie\u00dfen, stellen Sie sicher, dass JavaScript in Ihrem Browser aktiviert ist.\" style=\"text-decoration: inherit;\"><span \n                data-original-string='P\/Ukh0rKaB0IPuuem7QkCw==6ffGwrSVjI0zbHQ2fmUZnHYP4cKE1hF7bomcSftBkAEKjA='\n                class='apbct-email-encoder'\n                title='Dieser Kontakt wurde von Anti-Spam by CleanTalk verschl\u00fcsselt. Klicken Sie hier, um ihn zu entschl\u00fcsseln. Um die Entschl\u00fcsselung abzuschlie\u00dfen, stellen Sie sicher, dass JavaScript in Ihrem Browser aktiviert ist.'>in<span class=\"apbct-blur\">**<\/span>@<span class=\"apbct-blur\">*********<\/span>37.org<\/span><\/a><\/span><span style=\"vertical-align: baseline; font-size: 11pt;\">&nbsp;f\u00fcr alle Fragen.<\/span><\/li>\n<\/ul>\n<div><p><span style=\"font-family: Arial; font-size: 14.6667px; background-color: rgb(255, 255, 255);\">Danke \ud83d\udc9c.<br><\/span><\/p>\n<p style=\"font-style: normal; font-variant-ligatures: normal; font-variant-caps: normal; font-weight: 400; font-size: 11pt; font-family: Arial; line-height: 1.15;\"><span style=\"vertical-align: baseline; font-size: 11pt;\">Jeder Euro z\u00e4hlt. Sie helfen M\u00e4dchen, etwas zu wagen, aufzubauen, zu pr\u00e4sentieren und die n\u00e4chsten zu inspirieren.<\/span><\/p>\n<p style=\"font-style: normal; font-variant-ligatures: normal; font-variant-caps: normal; font-weight: 400; font-size: 11pt; font-family: Arial; line-height: 1.15;\">Unterst\u00fctzen Sie Girlsday237 jetzt&nbsp;<\/p>\n<p><span style=\"font-size: 14.6667px;\"><\/span><\/p><\/div>\t\t\t\t\t\t\t\t<\/div>\n\t\t\t\t<\/div>\n\t\t\t\t<div class=\"elementor-element elementor-element-0b5734e elementor-widget elementor-widget-ucaddon_color_overlay_button\" data-id=\"0b5734e\" data-element_type=\"widget\" data-widget_type=\"ucaddon_color_overlay_button.default\">\n\t\t\t\t<div class=\"elementor-widget-container\">\n\t\t\t\t\t\n<!-- start Overlay Button -->\n<style>\/* widget: Overlay Button *\/\n\n#uc_color_overlay_button_elementor_0b5734e a.color-overlay-link\n{\n  display:inline-block;\n  position:relative;\n  text-decoration:none;\n  transition:0.5s;\n  overflow:hidden;\n}\n\n#uc_color_overlay_button_elementor_0b5734e a span.ue-color-overlay\n{\n  display:block;\n  position:absolute;\n  top:0px;\n  right:0px;\n  transition:0.5s;\n}\n\n#uc_color_overlay_button_elementor_0b5734e a .ue-btn-txt\n{\n  position:relative;\n  transition:0.5s;\n}\n\n<\/style>\n\n<div id=\"uc_color_overlay_button_elementor_0b5734e\" class=\"color-overlay-button\">\n  <a href=\"https:\/\/girlsday237.org\/faire-un-don\/\" class=\"color-overlay-link\" >\n    <span class=\"ue-color-overlay\"><\/span>\n    <span class=\"ue-btn-txt\">Spenden<\/span>\n  <\/a>\n<\/div>\n<!-- end Overlay Button -->\t\t\t\t<\/div>\n\t\t\t\t<\/div>\n\t\t\t\t\t<\/div>\n\t\t\t\t<\/div>\n\t\t\t\t<\/div>","protected":false},"excerpt":{"rendered":"<p>Faire un don \u00e0 Girlsday237\u200b Chaque don ouvre une porte. Avec votre soutien, Girlsday237 organise&nbsp;chaque ann\u00e9e&nbsp;une comp\u00e9tition scientifique qui donne \u00e0 des centaines de jeunes filles la confiance, les outils et la sc\u00e8ne pour briller en STEM. Votre geste finance du concret :&nbsp;logistique, mat\u00e9riel, jury, r\u00e9compenses\u2026 et surtout, des&nbsp;opportunit\u00e9s r\u00e9elles&nbsp;pour nos participantes. Faire un don [&hellip;]<\/p>\n","protected":false},"author":1,"featured_media":0,"parent":0,"menu_order":0,"comment_status":"closed","ping_status":"closed","template":"","meta":{"_gspb_post_css":"","om_disable_all_campaigns":false,"_monsterinsights_skip_tracking":false,"_monsterinsights_sitenote_active":false,"_monsterinsights_sitenote_note":"","_monsterinsights_sitenote_category":0,"footnotes":""},"blocksy_meta":[],"aioseo_notices":[],"_links":{"self":[{"href":"https:\/\/girlsday237.org\/de\/wp-json\/wp\/v2\/pages\/4257"}],"collection":[{"href":"https:\/\/girlsday237.org\/de\/wp-json\/wp\/v2\/pages"}],"about":[{"href":"https:\/\/girlsday237.org\/de\/wp-json\/wp\/v2\/types\/page"}],"author":[{"embeddable":true,"href":"https:\/\/girlsday237.org\/de\/wp-json\/wp\/v2\/users\/1"}],"replies":[{"embeddable":true,"href":"https:\/\/girlsday237.org\/de\/wp-json\/wp\/v2\/comments?post=4257"}],"version-history":[{"count":34,"href":"https:\/\/girlsday237.org\/de\/wp-json\/wp\/v2\/pages\/4257\/revisions"}],"predecessor-version":[{"id":4296,"href":"https:\/\/girlsday237.org\/de\/wp-json\/wp\/v2\/pages\/4257\/revisions\/4296"}],"wp:attachment":[{"href":"https:\/\/girlsday237.org\/de\/wp-json\/wp\/v2\/media?parent=4257"}],"curies":[{"name":"wp","href":"https:\/\/api.w.org\/{rel}","templated":true}]}}