{"id":1634,"date":"2023-07-10T08:46:05","date_gmt":"2023-07-10T06:46:05","guid":{"rendered":"https:\/\/girlsday237.org\/?page_id=1634"},"modified":"2024-09-06T17:57:53","modified_gmt":"2024-09-06T15:57:53","slug":"video-gallery","status":"publish","type":"page","link":"https:\/\/girlsday237.org\/en\/galerie-de-video\/","title":{"rendered":"Video gallery"},"content":{"rendered":"<div data-elementor-type=\"wp-page\" data-elementor-id=\"1634\" class=\"elementor elementor-1634\" data-elementor-settings=\"{&quot;ha_cmc_init_switcher&quot;:&quot;no&quot;}\">\n\t\t\t\t<div class=\"elementor-element elementor-element-c4fa2d5 e-flex e-con-boxed e-con e-parent\" data-id=\"c4fa2d5\" data-element_type=\"container\" data-settings=\"{&quot;_ha_eqh_enable&quot;:false}\">\n\t\t\t\t\t<div class=\"e-con-inner\">\n\t\t<div class=\"elementor-element elementor-element-ae9585b e-flex e-con-boxed e-con e-child\" data-id=\"ae9585b\" data-element_type=\"container\" data-settings=\"{&quot;_ha_eqh_enable&quot;:false}\">\n\t\t\t\t\t<div class=\"e-con-inner\">\n\t\t\t\t<div class=\"elementor-element elementor-element-a9d1764 content-align-cta-default eael-cta-overlay-yes elementor-widget elementor-widget-eael-cta-box\" data-id=\"a9d1764\" data-element_type=\"widget\" data-widget_type=\"eael-cta-box.default\">\n\t\t\t\t<div class=\"elementor-widget-container\">\n\t\t\t\t\t\t\t<div class=\"eael-call-to-action cta-basic bg-img cta-preset-2\">\n        <h2 class=\"title eael-cta-heading\">An unforgettable day on March 22, 24<\/h2><a href=\"https:\/\/girlsday237.org\/video\/une-journee-inoubliable-ce-22-mars-2024\/\" class=\"cta-button cta-preset-2 cta-btn-preset-2\"><span class=\"btn-icon\"><i class=\"far fa-eye\"><\/i><\/span>Watch the video<\/a>\t<\/div>\n\t\t\t\t\t\t\t\t<\/div>\n\t\t\t\t<\/div>\n\t\t\t\t<div class=\"elementor-element elementor-element-85b87cc content-align-cta-default eael-cta-overlay-yes elementor-widget elementor-widget-eael-cta-box\" data-id=\"85b87cc\" data-element_type=\"widget\" data-widget_type=\"eael-cta-box.default\">\n\t\t\t\t<div class=\"elementor-widget-container\">\n\t\t\t\t\t\t\t<div class=\"eael-call-to-action cta-basic bg-img cta-preset-2\">\n        <h2 class=\"title eael-cta-heading\">Video of the 2022 edition<\/h2><a href=\"https:\/\/girlsday237.org\/video\/edition-de-2021\/\" class=\"cta-button cta-preset-2 cta-btn-preset-2\"><span class=\"btn-icon\"><i class=\"far fa-eye\"><\/i><\/span>Watch the video<\/a>\t<\/div>\n\t\t\t\t\t\t\t\t<\/div>\n\t\t\t\t<\/div>\n\t\t\t\t<div class=\"elementor-element elementor-element-f17e5c8 content-align-cta-default eael-cta-overlay-yes elementor-widget elementor-widget-eael-cta-box\" data-id=\"f17e5c8\" data-element_type=\"widget\" data-widget_type=\"eael-cta-box.default\">\n\t\t\t\t<div class=\"elementor-widget-container\">\n\t\t\t\t\t\t\t<div class=\"eael-call-to-action cta-basic bg-img cta-preset-2\">\n        <h2 class=\"title eael-cta-heading\">Girlsday237 on Cameroon Feeling CRTV<\/h2><a href=\"https:\/\/girlsday237.org\/video\/girlsday237-a-cameroun-feeling-sur-la-crtv\/\" class=\"cta-button cta-preset-2 cta-btn-preset-2\"><span class=\"btn-icon\"><i class=\"far fa-eye\"><\/i><\/span>Watch the video<\/a>\t<\/div>\n\t\t\t\t\t\t\t\t<\/div>\n\t\t\t\t<\/div>\n\t\t\t\t<div class=\"elementor-element elementor-element-f00dca4 content-align-cta-default eael-cta-overlay-yes elementor-widget elementor-widget-eael-cta-box\" data-id=\"f00dca4\" data-element_type=\"widget\" data-widget_type=\"eael-cta-box.default\">\n\t\t\t\t<div class=\"elementor-widget-container\">\n\t\t\t\t\t\t\t<div class=\"eael-call-to-action cta-basic bg-img cta-preset-2\">\n        <h2 class=\"title eael-cta-heading\">Girlsday237 at Cameroon Daylight on CRTV<\/h2><a href=\"https:\/\/girlsday237.org\/video\/girlsday237-a-cameroon-daylight-sur-la-crtv\/\" class=\"cta-button cta-preset-2 cta-btn-preset-2\"><span class=\"btn-icon\"><i class=\"far fa-eye\"><\/i><\/span>Watch the video<\/a>\t<\/div>\n\t\t\t\t\t\t\t\t<\/div>\n\t\t\t\t<\/div>\n\t\t\t\t<div class=\"elementor-element elementor-element-6864011 content-align-cta-default eael-cta-overlay-yes elementor-widget elementor-widget-eael-cta-box\" data-id=\"6864011\" data-element_type=\"widget\" data-widget_type=\"eael-cta-box.default\">\n\t\t\t\t<div class=\"elementor-widget-container\">\n\t\t\t\t\t\t\t<div class=\"eael-call-to-action cta-basic bg-img cta-preset-2\">\n        <h2 class=\"title eael-cta-heading\">Girlsday237-Journ\u00e9e du 22 mars 2024 CRTV<\/h2><a href=\"https:\/\/girlsday237.org\/video\/girlsday237-journee-du-22-mars-2024-reportage-crtv\/\" class=\"cta-button cta-preset-2 cta-btn-preset-2\"><span class=\"btn-icon\"><i class=\"far fa-eye\"><\/i><\/span>Watch the video<\/a>\t<\/div>\n\t\t\t\t\t\t\t\t<\/div>\n\t\t\t\t<\/div>\n\t\t\t\t\t<\/div>\n\t\t\t\t<\/div>\n\t\t\t\t\t<\/div>\n\t\t\t\t<\/div>\n\t\t<div class=\"elementor-element elementor-element-ce291b5 e-flex e-con-boxed e-con e-parent\" data-id=\"ce291b5\" data-element_type=\"container\" data-settings=\"{&quot;background_background&quot;:&quot;classic&quot;,&quot;_ha_eqh_enable&quot;:false}\">\n\t\t\t\t\t<div class=\"e-con-inner\">\n\t\t<div class=\"elementor-element elementor-element-06fda0b e-con-full e-flex e-con e-child\" data-id=\"06fda0b\" data-element_type=\"container\" data-settings=\"{&quot;_ha_eqh_enable&quot;:false}\">\n\t\t\t\t<div class=\"elementor-element elementor-element-6f06294 elementor-widget elementor-widget-text-editor\" data-id=\"6f06294\" data-element_type=\"widget\" data-widget_type=\"text-editor.default\">\n\t\t\t\t<div class=\"elementor-widget-container\">\n\t\t\t\t\t\t\t\t\t<p>Become a member\u00a0<\/p>\t\t\t\t\t\t\t\t<\/div>\n\t\t\t\t<\/div>\n\t\t\t\t<div class=\"elementor-element elementor-element-18dd0ee elementor-widget-divider--view-line elementor-widget elementor-widget-divider\" data-id=\"18dd0ee\" data-element_type=\"widget\" data-widget_type=\"divider.default\">\n\t\t\t\t<div class=\"elementor-widget-container\">\n\t\t\t\t\t\t\t<div class=\"elementor-divider\">\n\t\t\t<span class=\"elementor-divider-separator\">\n\t\t\t\t\t\t<\/span>\n\t\t<\/div>\n\t\t\t\t\t\t<\/div>\n\t\t\t\t<\/div>\n\t\t\t\t<div class=\"elementor-element elementor-element-e99fa93 elementor-widget elementor-widget-heading\" data-id=\"e99fa93\" data-element_type=\"widget\" data-widget_type=\"heading.default\">\n\t\t\t\t<div class=\"elementor-widget-container\">\n\t\t\t\t\t<h2 class=\"elementor-heading-title elementor-size-default\">Join us for a better life and a brighter future<\/h2>\t\t\t\t<\/div>\n\t\t\t\t<\/div>\n\t\t\t\t<div class=\"elementor-element elementor-element-3a3d3d9 elementor-widget elementor-widget-text-editor\" data-id=\"3a3d3d9\" data-element_type=\"widget\" data-widget_type=\"text-editor.default\">\n\t\t\t\t<div class=\"elementor-widget-container\">\n\t\t\t\t\t\t\t\t\t<p><span style=\"font-weight: 400;\">Let's join forces to achieve remarkable things together. Together, let's move towards a brighter future. Let's harness the power of collaboration, believe in our individual skills and support each other as we work together to achieve our goals. Let's celebrate our successes along this journey and overcome challenges together. Join us today to make a better future a reality.<\/span><\/p>\t\t\t\t\t\t\t\t<\/div>\n\t\t\t\t<\/div>\n\t\t\t\t<div class=\"elementor-element elementor-element-d410500 elementor-widget elementor-widget-ucaddon_color_overlay_button\" data-id=\"d410500\" data-element_type=\"widget\" data-widget_type=\"ucaddon_color_overlay_button.default\">\n\t\t\t\t<div class=\"elementor-widget-container\">\n\t\t\t\t\t\n<!-- start Overlay Button -->\n<style>\/* widget: Overlay Button *\/\n\n#uc_color_overlay_button_elementor_d410500 a.color-overlay-link\n{\n  display:inline-block;\n  position:relative;\n  text-decoration:none;\n  transition:0.5s;\n  overflow:hidden;\n}\n\n#uc_color_overlay_button_elementor_d410500 a span.ue-color-overlay\n{\n  display:block;\n  position:absolute;\n  top:0px;\n  right:0px;\n  transition:0.5s;\n}\n\n#uc_color_overlay_button_elementor_d410500 a .ue-btn-txt\n{\n  position:relative;\n  transition:0.5s;\n}\n\n<\/style>\n\n<div id=\"uc_color_overlay_button_elementor_d410500\" class=\"color-overlay-button\">\n  <a href=\"https:\/\/girlsday237.org\/inscription-des-membres\/\" class=\"color-overlay-link\" >\n    <span class=\"ue-color-overlay\"><\/span>\n    <span class=\"ue-btn-txt\">Apply now<\/span>\n  <\/a>\n<\/div>\n<!-- end Overlay Button -->\t\t\t\t<\/div>\n\t\t\t\t<\/div>\n\t\t\t\t<\/div>\n\t\t\t\t\t<\/div>\n\t\t\t\t<\/div>\n\t\t\t\t<\/div>","protected":false},"excerpt":{"rendered":"<p>Une journ\u00e9e inoubliable ce 22 mars 24 Voir la vid\u00e9o Video de l&rsquo;\u00e9dition de 2022 Voir la vid\u00e9o Girlsday237 \u00e0 Cameroun Feeling CRTV Voir la vid\u00e9o Girlsday237 \u00e1 Cameroon Daylight sur la CRTV Voir la vid\u00e9o Girlsday237-Journ\u00e9e du 22 mars 2024 CRTV Voir la vid\u00e9o Devenir membre\u00a0 Rejoignez-nous pour une vie meilleure et un bel [&hellip;]<\/p>\n","protected":false},"author":1,"featured_media":2526,"parent":0,"menu_order":0,"comment_status":"closed","ping_status":"closed","template":"","meta":{"_gspb_post_css":"","om_disable_all_campaigns":false,"_monsterinsights_skip_tracking":false,"_monsterinsights_sitenote_active":false,"_monsterinsights_sitenote_note":"","_monsterinsights_sitenote_category":0,"footnotes":""},"blocksy_meta":{"styles_descriptor":{"styles":{"desktop":"","tablet":"","mobile":""},"google_fonts":[],"version":6}},"aioseo_notices":[],"_links":{"self":[{"href":"https:\/\/girlsday237.org\/en\/wp-json\/wp\/v2\/pages\/1634"}],"collection":[{"href":"https:\/\/girlsday237.org\/en\/wp-json\/wp\/v2\/pages"}],"about":[{"href":"https:\/\/girlsday237.org\/en\/wp-json\/wp\/v2\/types\/page"}],"author":[{"embeddable":true,"href":"https:\/\/girlsday237.org\/en\/wp-json\/wp\/v2\/users\/1"}],"replies":[{"embeddable":true,"href":"https:\/\/girlsday237.org\/en\/wp-json\/wp\/v2\/comments?post=1634"}],"version-history":[{"count":73,"href":"https:\/\/girlsday237.org\/en\/wp-json\/wp\/v2\/pages\/1634\/revisions"}],"predecessor-version":[{"id":3567,"href":"https:\/\/girlsday237.org\/en\/wp-json\/wp\/v2\/pages\/1634\/revisions\/3567"}],"wp:featuredmedia":[{"embeddable":true,"href":"https:\/\/girlsday237.org\/en\/wp-json\/wp\/v2\/media\/2526"}],"wp:attachment":[{"href":"https:\/\/girlsday237.org\/en\/wp-json\/wp\/v2\/media?parent=1634"}],"curies":[{"name":"wp","href":"https:\/\/api.w.org\/{rel}","templated":true}]}}