{"id":2087,"date":"2023-11-12T10:12:22","date_gmt":"2023-11-12T09:12:22","guid":{"rendered":"https:\/\/girlsday237.org\/?page_id=2087"},"modified":"2024-01-29T06:12:25","modified_gmt":"2024-01-29T05:12:25","slug":"school-registration","status":"publish","type":"page","link":"https:\/\/girlsday237.org\/en\/inscription-des-ecoles\/","title":{"rendered":"School registration"},"content":{"rendered":"\t\t<div data-elementor-type=\"wp-page\" data-elementor-id=\"2087\" class=\"elementor elementor-2087\" data-elementor-settings=\"{&quot;ha_cmc_init_switcher&quot;:&quot;no&quot;}\">\n\t\t\t\t<div class=\"elementor-element elementor-element-25e2fbe e-flex e-con-boxed e-con e-parent\" data-id=\"25e2fbe\" data-element_type=\"container\" data-settings=\"{&quot;_ha_eqh_enable&quot;:false}\">\n\t\t\t\t\t<div class=\"e-con-inner\">\n\t\t\t\t<div class=\"elementor-element elementor-element-b053e87 elementor-widget elementor-widget-heading\" data-id=\"b053e87\" data-element_type=\"widget\" data-widget_type=\"heading.default\">\n\t\t\t\t<div class=\"elementor-widget-container\">\n\t\t\t\t\t<h2 class=\"elementor-heading-title elementor-size-default\">Formulaire d\u00b4inscription \u00e1 Girlsday237 -Edition Mars 2024<\/h2>\t\t\t\t<\/div>\n\t\t\t\t<\/div>\n\t\t\t\t\t<\/div>\n\t\t\t\t<\/div>\n\t\t<div class=\"elementor-element elementor-element-0227b0c e-flex e-con-boxed e-con e-parent\" data-id=\"0227b0c\" data-element_type=\"container\" data-settings=\"{&quot;_ha_eqh_enable&quot;:false}\">\n\t\t\t\t\t<div class=\"e-con-inner\">\n\t\t\t\t<div class=\"elementor-element elementor-element-bdc1a10 elementor-widget elementor-widget-text-editor\" data-id=\"bdc1a10\" data-element_type=\"widget\" data-widget_type=\"text-editor.default\">\n\t\t\t\t<div class=\"elementor-widget-container\">\n\t\t\t\t\t\t\t\t\t<p>Girlsday237 est une association qui a pour but de promouvoir la participation des jeunes filles dans les m\u00e9tiers des STEM (Sciences, technologies, Ingenieurie et Mathematiques).\u00a0<\/p><div><div>Vous \u00eates une \u00e9cole <b>primaire<\/b> bas\u00e9e \u00e0 Yaound\u00e9 \/ Cameroun\u00a0 et vous souhaitez faire participez votre \u00e9cole et entrez en competition avec d\u00b4autres \u00e9coles de la place.\u00a0<\/div><div>\u00a0<\/div><div>Merci de remplir ce formulaire soit en ligne, soit l imprimer et nous l envoyer par email \u00e0 : <b><span \n                data-original-string='fW1FVoFJLZeTx2g5LzaXww==6ffNrJn3bAbcuxcZ1RuiaM4NrRMCvHwhznYw+wVAnfspQA='\n                class='apbct-email-encoder'\n                title='This contact has been encoded by Anti-Spam by CleanTalk. Click to decode. To finish the decoding make sure that JavaScript is enabled in your browser.'>in<span class=\"apbct-blur\">**<\/span>@<span class=\"apbct-blur\">*********<\/span>37.org<\/span><\/b><\/div><\/div>\t\t\t\t\t\t\t\t<\/div>\n\t\t\t\t<\/div>\n\t\t\t\t\t<\/div>\n\t\t\t\t<\/div>\n\t\t<div class=\"elementor-element elementor-element-4409f23 e-flex e-con-boxed e-con e-parent\" data-id=\"4409f23\" data-element_type=\"container\" data-settings=\"{&quot;_ha_eqh_enable&quot;:false}\">\n\t\t\t\t\t<div class=\"e-con-inner\">\n\t\t\t\t<div class=\"elementor-element elementor-element-e4736c9 elementor-widget elementor-widget-wpforms\" data-id=\"e4736c9\" data-element_type=\"widget\" data-widget_type=\"wpforms.default\">\n\t\t\t\t<div class=\"elementor-widget-container\">\n\t\t\t\t\t<div class=\"wpforms-container wpforms-container-full wpforms-render-modern\" id=\"wpforms-2979\"><form id=\"wpforms-form-2979\" class=\"wpforms-validate wpforms-form wpforms-ajax-form\" data-formid=\"2979\" method=\"post\" enctype=\"multipart\/form-data\" action=\"\/en\/wp-json\/wp\/v2\/pages\/2087\" data-token=\"49eebaf53b3717f6ad1227e8d01cd40e\" data-token-time=\"1776403174\"><noscript class=\"wpforms-error-noscript\">Please enable JavaScript in your browser to complete this form.<\/noscript><div id=\"wpforms-error-noscript\" style=\"display: none;\">Please enable JavaScript in your browser to complete this form.<\/div><div class=\"wpforms-field-container\"><div id=\"wpforms-2979-field_1-container\" class=\"wpforms-field wpforms-field-name\" data-field-id=\"1\"><label class=\"wpforms-field-label\" for=\"wpforms-2979-field_1\">Nom de votre \u00e9cole <span class=\"wpforms-required-label\" aria-hidden=\"true\">*<\/span><\/label><input type=\"text\" id=\"wpforms-2979-field_1\" class=\"wpforms-field-large wpforms-field-required\" name=\"wpforms[fields][1]\" aria-errormessage=\"wpforms-2979-field_1-error\" required><\/div><div id=\"wpforms-2979-field_19-container\" class=\"wpforms-field wpforms-field-text\" data-field-id=\"19\"><label class=\"wpforms-field-label\" for=\"wpforms-2979-field_19\">Ville de votre \u00e9cole et quartier <span class=\"wpforms-required-label\" aria-hidden=\"true\">*<\/span><\/label><input type=\"text\" id=\"wpforms-2979-field_19\" class=\"wpforms-field-large wpforms-field-required\" name=\"wpforms[fields][19]\" aria-errormessage=\"wpforms-2979-field_19-error\" required><\/div><div id=\"wpforms-2979-field_10-container\" class=\"wpforms-field wpforms-field-name\" data-field-id=\"10\"><label class=\"wpforms-field-label\" for=\"wpforms-2979-field_10\">Nom et pr\u00e9nom de la directrice \/ directeur <span class=\"wpforms-required-label\" aria-hidden=\"true\">*<\/span><\/label><input type=\"text\" id=\"wpforms-2979-field_10\" class=\"wpforms-field-large wpforms-field-required\" name=\"wpforms[fields][10]\" aria-errormessage=\"wpforms-2979-field_10-error\" required><\/div><div id=\"wpforms-2979-field_20-container\" class=\"wpforms-field wpforms-field-text\" data-field-id=\"20\"><label class=\"wpforms-field-label\" for=\"wpforms-2979-field_20\">Numero de t\u00e9l\u00e9phone de la direction <span class=\"wpforms-required-label\" aria-hidden=\"true\">*<\/span><\/label><input type=\"text\" id=\"wpforms-2979-field_20\" class=\"wpforms-field-large wpforms-field-required\" name=\"wpforms[fields][20]\" aria-errormessage=\"wpforms-2979-field_20-error\" required><\/div><div id=\"wpforms-2979-field_8-container\" class=\"wpforms-field wpforms-field-email\" data-field-id=\"8\"><label class=\"wpforms-field-label\" for=\"wpforms-2979-field_8\">Adresse E-Mail de l\u00b4\u00e9cole \/ d\u00b4un(e) responsable * <span class=\"wpforms-required-label\" aria-hidden=\"true\">*<\/span><\/label><input type=\"email\" id=\"wpforms-2979-field_8\" class=\"wpforms-field-large wpforms-field-required\" name=\"wpforms[fields][8]\" spellcheck=\"false\" aria-errormessage=\"wpforms-2979-field_8-error\" required><\/div><div id=\"wpforms-2979-field_13-container\" class=\"wpforms-field wpforms-field-name\" data-field-id=\"13\"><label class=\"wpforms-field-label\" for=\"wpforms-2979-field_13\">Nom et contact d\u00b4un (e) enseignant (e) des classes participantes <span class=\"wpforms-required-label\" aria-hidden=\"true\">*<\/span><\/label><input type=\"text\" id=\"wpforms-2979-field_13\" class=\"wpforms-field-large wpforms-field-required\" name=\"wpforms[fields][13]\" aria-errormessage=\"wpforms-2979-field_13-error\" required><\/div><div id=\"wpforms-2979-field_14-container\" class=\"wpforms-field wpforms-field-name\" data-field-id=\"14\"><label class=\"wpforms-field-label\" for=\"wpforms-2979-field_14\">Nom et contact d\u00b4un (e) 2eme enseignant (e) des classes participantes <span class=\"wpforms-required-label\" aria-hidden=\"true\">*<\/span><\/label><input type=\"text\" id=\"wpforms-2979-field_14\" class=\"wpforms-field-large wpforms-field-required\" name=\"wpforms[fields][14]\" aria-errormessage=\"wpforms-2979-field_14-error\" required><\/div><div id=\"wpforms-2979-field_16-container\" class=\"wpforms-field wpforms-field-checkbox\" data-field-id=\"16\"><fieldset><legend class=\"wpforms-field-label\">Quelle classe vous voulez inscrire <span class=\"wpforms-required-label\" aria-hidden=\"true\">*<\/span><\/legend><ul id=\"wpforms-2979-field_16\" class=\"wpforms-field-required\"><li class=\"choice-1 depth-1\"><input type=\"checkbox\" id=\"wpforms-2979-field_16_1\" name=\"wpforms[fields][16][]\" value=\"CE1\" aria-errormessage=\"wpforms-2979-field_16_1-error\" required ><label class=\"wpforms-field-label-inline\" for=\"wpforms-2979-field_16_1\">CE1<\/label><\/li><li class=\"choice-2 depth-1\"><input type=\"checkbox\" id=\"wpforms-2979-field_16_2\" name=\"wpforms[fields][16][]\" value=\"CE2\" aria-errormessage=\"wpforms-2979-field_16_2-error\" required ><label class=\"wpforms-field-label-inline\" for=\"wpforms-2979-field_16_2\">CE2<\/label><\/li><li class=\"choice-3 depth-1\"><input type=\"checkbox\" id=\"wpforms-2979-field_16_3\" name=\"wpforms[fields][16][]\" value=\"CM1\" aria-errormessage=\"wpforms-2979-field_16_3-error\" required ><label class=\"wpforms-field-label-inline\" for=\"wpforms-2979-field_16_3\">CM1<\/label><\/li><\/ul><\/fieldset><\/div><div id=\"wpforms-2979-field_7-container\" class=\"wpforms-field wpforms-field-textarea\" data-field-id=\"7\"><label class=\"wpforms-field-label\" for=\"wpforms-2979-field_7\">Pourquoi vous souhaitez participer avec votre \u00e9cole \u00e1 cette \u00e9dition 2024 ? <span class=\"wpforms-required-label\" aria-hidden=\"true\">*<\/span><\/label><textarea id=\"wpforms-2979-field_7\" class=\"wpforms-field-medium wpforms-field-required\" name=\"wpforms[fields][7]\" aria-errormessage=\"wpforms-2979-field_7-error\" required><\/textarea><\/div><div id=\"wpforms-2979-field_17-container\" class=\"wpforms-field wpforms-field-textarea\" data-field-id=\"17\"><label class=\"wpforms-field-label\" for=\"wpforms-2979-field_17\">Vous avez des suggestions \/ commentaires ?<\/label><textarea id=\"wpforms-2979-field_17\" class=\"wpforms-field-medium\" name=\"wpforms[fields][17]\" aria-errormessage=\"wpforms-2979-field_17-error\" ><\/textarea><\/div><div id=\"wpforms-2979-field_21-container\" class=\"wpforms-field wpforms-field-gdpr-checkbox\" data-field-id=\"21\"><label class=\"wpforms-field-label\">Accord RGPD <span class=\"wpforms-required-label\" aria-hidden=\"true\">*<\/span><\/label><ul id=\"wpforms-2979-field_21\" class=\"wpforms-field-required\"><li class=\"choice-1\"><input type=\"checkbox\" id=\"wpforms-2979-field_21_1\" name=\"wpforms[fields][21][]\" value=\"Je consens \u00e0 ce que ce site stocke mes informations envoy\u00e9es afin qu\u2019ils puissent r\u00e9pondre \u00e0 ma requ\u00eate.\" aria-errormessage=\"wpforms-2979-field_21_1-error\" required ><label class=\"wpforms-field-label-inline\" for=\"wpforms-2979-field_21_1\">Je consens \u00e0 ce que ce site stocke mes informations envoy\u00e9es afin qu\u2019ils puissent r\u00e9pondre \u00e0 ma requ\u00eate.<\/label><\/li><\/ul><\/div><\/div><!-- .wpforms-field-container --><div class=\"wpforms-submit-container\" ><input type=\"hidden\" name=\"wpforms[id]\" value=\"2979\"><input type=\"hidden\" name=\"page_title\" value=\"\"><input type=\"hidden\" name=\"page_url\" value=\"https:\/\/girlsday237.org\/en\/wp-json\/wp\/v2\/pages\/2087\"><input type=\"hidden\" name=\"url_referer\" value=\"\"><button type=\"submit\" name=\"wpforms[submit]\" id=\"wpforms-submit-2979\" class=\"wpforms-submit\" data-alt-text=\"En cour...\" data-submit-text=\"Envoyer\" aria-live=\"assertive\" value=\"wpforms-submit\">Envoyer<\/button><img decoding=\"async\" src=\"https:\/\/girlsday237.org\/wp-content\/plugins\/wpforms-lite\/assets\/images\/submit-spin.svg\" class=\"wpforms-submit-spinner\" style=\"display: none;\" width=\"26\" height=\"26\" alt=\"Loading\"><\/div><input type=\"hidden\" id=\"ct_checkjs_wpforms_db85e2590b6109813dafa101ceb2faeb\" name=\"ct_checkjs_wpforms\" value=\"0\" \/><script>setTimeout(function(){var ct_input_name = \"ct_checkjs_wpforms_db85e2590b6109813dafa101ceb2faeb\";if (document.getElementById(ct_input_name) !== null) {var ct_input_value = document.getElementById(ct_input_name).value;document.getElementById(ct_input_name).value = document.getElementById(ct_input_name).value.replace(ct_input_value, '4faeb10fb3cef065d827a9dd2728de3ac94a57ddd3e62e2d159d5f24ec32ca3f');}}, 1000);<\/script><input\n                    class=\"apbct_special_field apbct_email_id__wp_wpforms\"\n                    name=\"apbct__email_id__wp_wpforms\"\n                    aria-label=\"apbct__label_id__wp_wpforms\"\n                    type=\"text\" size=\"30\" maxlength=\"200\" autocomplete=\"off\"\n                    value=\"\"\n                \/><\/form><\/div>  <!-- .wpforms-container -->\t\t\t\t<\/div>\n\t\t\t\t<\/div>\n\t\t\t\t\t<\/div>\n\t\t\t\t<\/div>\n\t\t\t\t<\/div>\n\t\t","protected":false},"excerpt":{"rendered":"<p>Formulaire d\u00b4inscription \u00e1 Girlsday237 -Edition Mars 2024 Girlsday237 est une association qui a pour but de promouvoir la participation des jeunes filles dans les m\u00e9tiers des STEM (Sciences, technologies, Ingenieurie et Mathematiques).\u00a0 Vous \u00eates une \u00e9cole primaire bas\u00e9e \u00e0 Yaound\u00e9 \/ Cameroun\u00a0 et vous souhaitez faire participez votre \u00e9cole et entrez en competition avec d\u00b4autres [&hellip;]<\/p>\n","protected":false},"author":1,"featured_media":374,"parent":0,"menu_order":0,"comment_status":"closed","ping_status":"closed","template":"","meta":{"_gspb_post_css":"","om_disable_all_campaigns":false,"_monsterinsights_skip_tracking":false,"_monsterinsights_sitenote_active":false,"_monsterinsights_sitenote_note":"","_monsterinsights_sitenote_category":0,"footnotes":""},"blocksy_meta":{"styles_descriptor":{"styles":{"desktop":"","tablet":"","mobile":""},"google_fonts":[],"version":6}},"aioseo_notices":[],"_links":{"self":[{"href":"https:\/\/girlsday237.org\/en\/wp-json\/wp\/v2\/pages\/2087"}],"collection":[{"href":"https:\/\/girlsday237.org\/en\/wp-json\/wp\/v2\/pages"}],"about":[{"href":"https:\/\/girlsday237.org\/en\/wp-json\/wp\/v2\/types\/page"}],"author":[{"embeddable":true,"href":"https:\/\/girlsday237.org\/en\/wp-json\/wp\/v2\/users\/1"}],"replies":[{"embeddable":true,"href":"https:\/\/girlsday237.org\/en\/wp-json\/wp\/v2\/comments?post=2087"}],"version-history":[{"count":10,"href":"https:\/\/girlsday237.org\/en\/wp-json\/wp\/v2\/pages\/2087\/revisions"}],"predecessor-version":[{"id":3055,"href":"https:\/\/girlsday237.org\/en\/wp-json\/wp\/v2\/pages\/2087\/revisions\/3055"}],"wp:featuredmedia":[{"embeddable":true,"href":"https:\/\/girlsday237.org\/en\/wp-json\/wp\/v2\/media\/374"}],"wp:attachment":[{"href":"https:\/\/girlsday237.org\/en\/wp-json\/wp\/v2\/media?parent=2087"}],"curies":[{"name":"wp","href":"https:\/\/api.w.org\/{rel}","templated":true}]}}